{"id":7052,"date":"2006-11-10T17:35:29","date_gmt":"2006-11-10T16:35:29","guid":{"rendered":"http:\/\/www.mauerpark.info\/history\/bahnhof-nordbahn\/?lang=en"},"modified":"2018-09-06T13:41:34","modified_gmt":"2018-09-06T11:41:34","slug":"bahnhof-nordbahn","status":"publish","type":"page","link":"https:\/\/www.mauerpark.info\/en\/history\/bahnhof-nordbahn\/","title":{"rendered":"Northern Railway Freight Yard"},"content":{"rendered":"<p><img decoding=\"async\" id=\"image117\" src=\"https:\/\/www.mauerpark.info\/wp-content\/uploads\/2007\/03\/nordbahnhof.gif\" alt=\"Norbahnhof 1884\" \/><\/p>\n<p>While the area between Schwedter Stra\u00dfe and Sch\u00f6nhauser Allee served as a space for physical exercise among the military and residents, west of Schwedter Stra\u00dfe was Nordbahnhof (Northern Train Station). This was the terminus of the Northern Railway Berlin (Berlin-Stralsund); it extended to the corner of Schwedter Stra\u00dfe and Bernauer Stra\u00dfe.<\/p>\n<p>On the grounds of today\u2019s Mauerpark stood in the 19th and 20th centuries one of the most widely used terminus stations in Berlin. On a city map, you can still see how the railway from the north runs in a straight line toward Bornholmer Str. Station, then turns to the east and west along the Ringbahn.<\/p>\n<p>The straight stretch of land that now occupies Mauerpark held the tracks of the former Nordbahnhof. The Prussian Northern Railway, which since 1878 connected Berlin with Stralsund, ended here. The first section, and with it a train station close to the center of Berlin, opened on July 10, 1877.<\/p>\n<p>The station was located at Eberswalder Str., opposite the confluence of Schwedter and Oderberger Str., today the southern entrance to the park. The Gleim Tunnel, which connects the two bordering neighborhoods of Wedding and Prenzlauer Berg at the north end of the park, is still recognizable as a piece of the former train tracks. However, by the end of the 19th century, passenger traffic on the Northern Railway was moved to the larger and more centrally located station of Stettiner Bahnhof, which was renamed as \u201cNordbahnhoff\u201d in 1950 for political reasons.<\/p>\n<p>The old Northern Railway station was used for freight transport until after the Second World War, operating under the name Northern Railway Freight Yard or Eberswalder Str. Freight Yard.<\/p>\n<p><em>Source: Wikipedia <\/em><\/p>\n<p>More info: <a href=\"http:\/\/www.luise-berlin.de\/lexikon\/Mitte\/g\/Gueterbahnhof_Eberswalder_Strasse_Bernauer_Strasse.htm\" target=\"_blank\">&#8220;G\u00fcterbahnhof Eberswalder Stra\u00dfe&#8221;<\/a>\u00a0at berlinergeschichte.de (German)<\/p>\n<p><!--92a63e605dec7be0076d602300fac1d5--><\/p>\n","protected":false},"excerpt":{"rendered":"<p>While the area between Schwedter Stra\u00dfe and Sch\u00f6nhauser Allee served as a space for physical exercise among the military and residents, west of Schwedter Stra\u00dfe was Nordbahnhof (Northern Train Station). This was the terminus of the Northern Railway Berlin (Berlin-Stralsund); it extended to the corner of Schwedter Stra\u00dfe and Bernauer Stra\u00dfe. On the grounds of [&hellip;]<\/p>\n","protected":false},"author":54,"featured_media":0,"parent":7041,"menu_order":10,"comment_status":"closed","ping_status":"closed","template":"","meta":{"_et_pb_use_builder":"","_et_pb_old_content":"","_et_gb_content_width":"","footnotes":""},"class_list":["post-7052","page","type-page","status-publish","hentry"],"_links":{"self":[{"href":"https:\/\/www.mauerpark.info\/en\/wp-json\/wp\/v2\/pages\/7052","targetHints":{"allow":["GET"]}}],"collection":[{"href":"https:\/\/www.mauerpark.info\/en\/wp-json\/wp\/v2\/pages"}],"about":[{"href":"https:\/\/www.mauerpark.info\/en\/wp-json\/wp\/v2\/types\/page"}],"author":[{"embeddable":true,"href":"https:\/\/www.mauerpark.info\/en\/wp-json\/wp\/v2\/users\/54"}],"replies":[{"embeddable":true,"href":"https:\/\/www.mauerpark.info\/en\/wp-json\/wp\/v2\/comments?post=7052"}],"version-history":[{"count":0,"href":"https:\/\/www.mauerpark.info\/en\/wp-json\/wp\/v2\/pages\/7052\/revisions"}],"up":[{"embeddable":true,"href":"https:\/\/www.mauerpark.info\/en\/wp-json\/wp\/v2\/pages\/7041"}],"wp:attachment":[{"href":"https:\/\/www.mauerpark.info\/en\/wp-json\/wp\/v2\/media?parent=7052"}],"curies":[{"name":"wp","href":"https:\/\/api.w.org\/{rel}","templated":true}]}}